{"id":2616,"date":"2018-07-13T13:52:55","date_gmt":"2018-07-13T11:52:55","guid":{"rendered":"http:\/\/www.proprojekt.com\/?page_id=2616"},"modified":"2025-12-01T11:29:59","modified_gmt":"2025-12-01T10:29:59","slug":"datenschutz","status":"publish","type":"page","link":"https:\/\/www.proprojekt.com\/en\/datenschutz\/","title":{"rendered":"Datenschutz"},"content":{"rendered":"","protected":false},"excerpt":{"rendered":"","protected":false},"author":1,"featured_media":0,"parent":0,"menu_order":0,"comment_status":"closed","ping_status":"closed","template":"","meta":{"footnotes":""},"class_list":["post-2616","page","type-page","status-publish","hentry"],"yoast_head":"<!-- This site is optimized with the Yoast SEO plugin v26.4 - https:\/\/yoast.com\/wordpress\/plugins\/seo\/ -->\n<title>F\u00fcr den Inhalt verantwortlich - Pro Projekt Baumanagement &amp; Planung<\/title>\n<meta name=\"description\" content=\"F\u00fcr den Inhalt sind die Gesch\u00e4ftsf\u00fchrer von Pro Projekt die Baumeister Dietmar Kalss und Alexander Specht in \u00d6sterreich und Deutschland verantwortlich.\" \/>\n<meta name=\"robots\" content=\"index, follow, max-snippet:-1, max-image-preview:large, max-video-preview:-1\" \/>\n<link rel=\"canonical\" href=\"https:\/\/www.proprojekt.com\/en\/datenschutz\/\" \/>\n<meta property=\"og:locale\" content=\"en_US\" \/>\n<meta property=\"og:type\" content=\"article\" \/>\n<meta property=\"og:title\" content=\"F\u00fcr den Inhalt verantwortlich - Pro Projekt Baumanagement &amp; Planung\" \/>\n<meta property=\"og:description\" content=\"F\u00fcr den Inhalt sind die Gesch\u00e4ftsf\u00fchrer von Pro Projekt die Baumeister Dietmar Kalss und Alexander Specht in \u00d6sterreich und Deutschland verantwortlich.\" \/>\n<meta property=\"og:url\" content=\"https:\/\/www.proprojekt.com\/en\/datenschutz\/\" \/>\n<meta property=\"og:site_name\" content=\"Pro Projekt\" \/>\n<meta property=\"article:modified_time\" content=\"2025-12-01T10:29:59+00:00\" \/>\n<meta name=\"twitter:card\" content=\"summary_large_image\" \/>\n<script type=\"application\/ld+json\" class=\"yoast-schema-graph\">{\"@context\":\"https:\/\/schema.org\",\"@graph\":[{\"@type\":\"WebPage\",\"@id\":\"https:\/\/www.proprojekt.com\/en\/datenschutz\/\",\"url\":\"https:\/\/www.proprojekt.com\/en\/datenschutz\/\",\"name\":\"F\u00fcr den Inhalt verantwortlich - Pro Projekt Baumanagement & Planung\",\"isPartOf\":{\"@id\":\"https:\/\/www.proprojekt.com\/#website\"},\"datePublished\":\"2018-07-13T11:52:55+00:00\",\"dateModified\":\"2025-12-01T10:29:59+00:00\",\"description\":\"F\u00fcr den Inhalt sind die Gesch\u00e4ftsf\u00fchrer von Pro Projekt die Baumeister Dietmar Kalss und Alexander Specht in \u00d6sterreich und Deutschland verantwortlich.\",\"breadcrumb\":{\"@id\":\"https:\/\/www.proprojekt.com\/en\/datenschutz\/#breadcrumb\"},\"inLanguage\":\"en-US\",\"potentialAction\":[{\"@type\":\"ReadAction\",\"target\":[\"https:\/\/www.proprojekt.com\/en\/datenschutz\/\"]}]},{\"@type\":\"BreadcrumbList\",\"@id\":\"https:\/\/www.proprojekt.com\/en\/datenschutz\/#breadcrumb\",\"itemListElement\":[{\"@type\":\"ListItem\",\"position\":1,\"name\":\"Startseite\",\"item\":\"https:\/\/www.proprojekt.com\/en\/\"},{\"@type\":\"ListItem\",\"position\":2,\"name\":\"Datenschutz\"}]},{\"@type\":\"WebSite\",\"@id\":\"https:\/\/www.proprojekt.com\/#website\",\"url\":\"https:\/\/www.proprojekt.com\/\",\"name\":\"Pro Projekt\",\"description\":\"Projektsteuerung, Bauleitung, Planung, \u00d6rtliche Bauaufsicht, Bauvergabe und Generalplanung\",\"publisher\":{\"@id\":\"https:\/\/www.proprojekt.com\/#organization\"},\"potentialAction\":[{\"@type\":\"SearchAction\",\"target\":{\"@type\":\"EntryPoint\",\"urlTemplate\":\"https:\/\/www.proprojekt.com\/?s={search_term_string}\"},\"query-input\":{\"@type\":\"PropertyValueSpecification\",\"valueRequired\":true,\"valueName\":\"search_term_string\"}}],\"inLanguage\":\"en-US\"},{\"@type\":\"Organization\",\"@id\":\"https:\/\/www.proprojekt.com\/#organization\",\"name\":\"Pro Projekt Baumanagement & Planungs GmbH\",\"url\":\"https:\/\/www.proprojekt.com\/\",\"logo\":{\"@type\":\"ImageObject\",\"inLanguage\":\"en-US\",\"@id\":\"https:\/\/www.proprojekt.com\/#\/schema\/logo\/image\/\",\"url\":\"https:\/\/www.proprojekt.com\/wp-content\/uploads\/2016\/06\/logo_proprojekt.png\",\"contentUrl\":\"https:\/\/www.proprojekt.com\/wp-content\/uploads\/2016\/06\/logo_proprojekt.png\",\"width\":389,\"height\":210,\"caption\":\"Pro Projekt Baumanagement & Planungs GmbH\"},\"image\":{\"@id\":\"https:\/\/www.proprojekt.com\/#\/schema\/logo\/image\/\"}}]}<\/script>\n<!-- \/ Yoast SEO plugin. -->","yoast_head_json":{"title":"F\u00fcr den Inhalt verantwortlich - Pro Projekt Baumanagement & Planung","description":"F\u00fcr den Inhalt sind die Gesch\u00e4ftsf\u00fchrer von Pro Projekt die Baumeister Dietmar Kalss und Alexander Specht in \u00d6sterreich und Deutschland verantwortlich.","robots":{"index":"index","follow":"follow","max-snippet":"max-snippet:-1","max-image-preview":"max-image-preview:large","max-video-preview":"max-video-preview:-1"},"canonical":"https:\/\/www.proprojekt.com\/en\/datenschutz\/","og_locale":"en_US","og_type":"article","og_title":"F\u00fcr den Inhalt verantwortlich - Pro Projekt Baumanagement & Planung","og_description":"F\u00fcr den Inhalt sind die Gesch\u00e4ftsf\u00fchrer von Pro Projekt die Baumeister Dietmar Kalss und Alexander Specht in \u00d6sterreich und Deutschland verantwortlich.","og_url":"https:\/\/www.proprojekt.com\/en\/datenschutz\/","og_site_name":"Pro Projekt","article_modified_time":"2025-12-01T10:29:59+00:00","twitter_card":"summary_large_image","schema":{"@context":"https:\/\/schema.org","@graph":[{"@type":"WebPage","@id":"https:\/\/www.proprojekt.com\/en\/datenschutz\/","url":"https:\/\/www.proprojekt.com\/en\/datenschutz\/","name":"F\u00fcr den Inhalt verantwortlich - Pro Projekt Baumanagement & Planung","isPartOf":{"@id":"https:\/\/www.proprojekt.com\/#website"},"datePublished":"2018-07-13T11:52:55+00:00","dateModified":"2025-12-01T10:29:59+00:00","description":"F\u00fcr den Inhalt sind die Gesch\u00e4ftsf\u00fchrer von Pro Projekt die Baumeister Dietmar Kalss und Alexander Specht in \u00d6sterreich und Deutschland verantwortlich.","breadcrumb":{"@id":"https:\/\/www.proprojekt.com\/en\/datenschutz\/#breadcrumb"},"inLanguage":"en-US","potentialAction":[{"@type":"ReadAction","target":["https:\/\/www.proprojekt.com\/en\/datenschutz\/"]}]},{"@type":"BreadcrumbList","@id":"https:\/\/www.proprojekt.com\/en\/datenschutz\/#breadcrumb","itemListElement":[{"@type":"ListItem","position":1,"name":"Startseite","item":"https:\/\/www.proprojekt.com\/en\/"},{"@type":"ListItem","position":2,"name":"Datenschutz"}]},{"@type":"WebSite","@id":"https:\/\/www.proprojekt.com\/#website","url":"https:\/\/www.proprojekt.com\/","name":"Pro Projekt","description":"Projektsteuerung, Bauleitung, Planung, \u00d6rtliche Bauaufsicht, Bauvergabe und Generalplanung","publisher":{"@id":"https:\/\/www.proprojekt.com\/#organization"},"potentialAction":[{"@type":"SearchAction","target":{"@type":"EntryPoint","urlTemplate":"https:\/\/www.proprojekt.com\/?s={search_term_string}"},"query-input":{"@type":"PropertyValueSpecification","valueRequired":true,"valueName":"search_term_string"}}],"inLanguage":"en-US"},{"@type":"Organization","@id":"https:\/\/www.proprojekt.com\/#organization","name":"Pro Projekt Baumanagement & Planungs GmbH","url":"https:\/\/www.proprojekt.com\/","logo":{"@type":"ImageObject","inLanguage":"en-US","@id":"https:\/\/www.proprojekt.com\/#\/schema\/logo\/image\/","url":"https:\/\/www.proprojekt.com\/wp-content\/uploads\/2016\/06\/logo_proprojekt.png","contentUrl":"https:\/\/www.proprojekt.com\/wp-content\/uploads\/2016\/06\/logo_proprojekt.png","width":389,"height":210,"caption":"Pro Projekt Baumanagement & Planungs GmbH"},"image":{"@id":"https:\/\/www.proprojekt.com\/#\/schema\/logo\/image\/"}}]}},"_links":{"self":[{"href":"https:\/\/www.proprojekt.com\/en\/wp-json\/wp\/v2\/pages\/2616","targetHints":{"allow":["GET"]}}],"collection":[{"href":"https:\/\/www.proprojekt.com\/en\/wp-json\/wp\/v2\/pages"}],"about":[{"href":"https:\/\/www.proprojekt.com\/en\/wp-json\/wp\/v2\/types\/page"}],"author":[{"embeddable":true,"href":"https:\/\/www.proprojekt.com\/en\/wp-json\/wp\/v2\/users\/1"}],"replies":[{"embeddable":true,"href":"https:\/\/www.proprojekt.com\/en\/wp-json\/wp\/v2\/comments?post=2616"}],"version-history":[{"count":5,"href":"https:\/\/www.proprojekt.com\/en\/wp-json\/wp\/v2\/pages\/2616\/revisions"}],"predecessor-version":[{"id":3311,"href":"https:\/\/www.proprojekt.com\/en\/wp-json\/wp\/v2\/pages\/2616\/revisions\/3311"}],"wp:attachment":[{"href":"https:\/\/www.proprojekt.com\/en\/wp-json\/wp\/v2\/media?parent=2616"}],"curies":[{"name":"wp","href":"https:\/\/api.w.org\/{rel}","templated":true}]}}